{"id":52605,"date":"2026-03-11T12:10:31","date_gmt":"2026-03-11T11:10:31","guid":{"rendered":"https:\/\/about.getmorebrain.com\/politique-de-cookies\/"},"modified":"2026-03-11T12:34:05","modified_gmt":"2026-03-11T11:34:05","slug":"politique-de-cookies","status":"publish","type":"page","link":"https:\/\/about.getmorebrain.com\/fr\/politique-de-cookies\/","title":{"rendered":"Politique de cookies"},"content":{"rendered":"\t\t<div data-elementor-type=\"wp-page\" data-elementor-id=\"52605\" class=\"elementor elementor-52605 elementor-52583\" data-elementor-post-type=\"page\">\n\t\t\t\t<div class=\"elementor-element elementor-element-3a11de0 e-flex e-con-boxed e-con e-parent\" data-id=\"3a11de0\" data-element_type=\"container\" data-e-type=\"container\" data-settings=\"{&quot;jet_parallax_layout_list&quot;:[],&quot;_ob_use_container_extras&quot;:&quot;no&quot;,&quot;_ob_column_hoveranimator&quot;:&quot;no&quot;,&quot;_ob_glider_is_slider&quot;:&quot;no&quot;,&quot;_ob_column_has_pseudo&quot;:&quot;no&quot;}\">\n\t\t\t\t\t<div class=\"e-con-inner\">\n\t\t<div class=\"elementor-element elementor-element-aacd8a1 e-con-full e-flex e-con e-child\" data-id=\"aacd8a1\" data-element_type=\"container\" data-e-type=\"container\" data-settings=\"{&quot;jet_parallax_layout_list&quot;:[],&quot;_ob_use_container_extras&quot;:&quot;no&quot;,&quot;_ob_column_hoveranimator&quot;:&quot;no&quot;,&quot;_ob_glider_is_slider&quot;:&quot;no&quot;,&quot;_ob_column_has_pseudo&quot;:&quot;no&quot;}\">\n\t\t\t\t<div class=\"elementor-element elementor-element-1e58c858 ob-harakiri-inherit ob-has-background-overlay elementor-widget elementor-widget-text-editor\" data-id=\"1e58c858\" data-element_type=\"widget\" data-e-type=\"widget\" data-settings=\"{&quot;_ob_use_harakiri&quot;:&quot;yes&quot;,&quot;_ob_harakiri_writing_mode&quot;:&quot;inherit&quot;,&quot;_ob_postman_use&quot;:&quot;no&quot;,&quot;_ob_widget_stalker_use&quot;:&quot;no&quot;,&quot;_ob_poopart_use&quot;:&quot;yes&quot;,&quot;_ob_shadough_use&quot;:&quot;no&quot;,&quot;_ob_allow_hoveranimator&quot;:&quot;no&quot;}\" data-widget_type=\"text-editor.default\">\n\t\t\t\t\t\t\t\t\t\n<p>Cette page fournit des informations compl\u00e8tes sur la mani\u00e8re dont nous utilisons les cookies sur notre site web afin d&rsquo;am\u00e9liorer votre exp\u00e9rience de navigation, d&rsquo;am\u00e9liorer les performances du site web et de fournir un contenu personnalis\u00e9. Les cookies sont de petits fichiers texte qui sont stock\u00e9s sur votre appareil lorsque vous visitez notre site. Ils nous aident \u00e0 comprendre comment les visiteurs interagissent avec notre site web, ce qui nous permet d&rsquo;offrir une exp\u00e9rience utilisateur plus fluide et plus efficace. Dans le tableau ci-dessous, vous trouverez des informations d\u00e9taill\u00e9es sur chaque type de cookie que nous utilisons, leur finalit\u00e9 et la dur\u00e9e pendant laquelle ils restent sur votre appareil. Nous nous engageons \u00e0 respecter votre vie priv\u00e9e et \u00e0 assurer la transparence des donn\u00e9es que nous collectons par le biais des cookies. Pour plus d&rsquo;informations sur la mani\u00e8re dont nous traitons vos donn\u00e9es personnelles, veuillez consulter notre <a href=\"https:\/\/about.getmorebrain.com\/fr\/politique-de-confidentialite\/\">politique de confidentialit\u00e9.<\/a>     <\/p>\n\n<p><br><div class=\"wpconsent-cookie-policy\"><h2 class=\"wpconsent-cookie-category-name\">Essentiel<\/h2><p class=\"wpconsent-cookie-category-description\">Les cookies essentiels permettent des fonctions de base et sont n\u00e9cessaires au bon fonctionnement du site web.<\/p><table class=\"wpconsent-cookie-policy-table\"><tr><th>Nom<\/th><th>Description<\/th><th>Dur\u00e9e<\/th><\/tr><tr><td>wpconsent_preferences<\/td><td>Ce cookie est utilis\u00e9 pour stocker les pr\u00e9f\u00e9rences de consentement aux cookies de l&#039;utilisateur.<\/td><td>30 jours<\/td><\/tr><\/table><h3 class=\"wpconsent-cookie-service-name\">Comments<\/h3><p class=\"wpconsent-cookie-service-description\">These cookies are needed for adding comments on this website.<\/p><table class=\"wpconsent-cookie-policy-table\"><tr><th>Nom<\/th><th>Description<\/th><th>Dur\u00e9e<\/th><\/tr><tr><td>comment_author<\/td><td>Utilis\u00e9 pour suivre l&#039;utilisateur \u00e0 travers plusieurs sessions.<\/td><td>Session<\/td><\/tr><tr><td>comment_author_email<\/td><td>Utilis\u00e9 pour suivre l&#039;utilisateur \u00e0 travers plusieurs sessions.<\/td><td>Session<\/td><\/tr><tr><td>comment_author_url<\/td><td>Utilis\u00e9 pour suivre l&#039;utilisateur \u00e0 travers plusieurs sessions.<\/td><td>Session<\/td><\/tr><\/table><h2 class=\"wpconsent-cookie-category-name\">Statistiques<\/h2><p class=\"wpconsent-cookie-category-description\">Les cookies de statistiques collectent des informations de mani\u00e8re anonyme. Ces informations nous aident \u00e0 comprendre comment les visiteurs utilisent notre site web.<\/p><h3 class=\"wpconsent-cookie-service-name\">Google Analytics<\/h3><p class=\"wpconsent-cookie-service-description\">Google Analytics is a powerful tool that tracks and analyzes website traffic for informed marketing decisions.<\/p><a href=\"https:\/\/policies.google.com\/privacy\" target=\"_blank\" rel=\"noopener\">Learn more<\/a><table class=\"wpconsent-cookie-policy-table\"><tr><th>Nom<\/th><th>Description<\/th><th>Dur\u00e9e<\/th><\/tr><tr><td>_gat<\/td><td>Utilis\u00e9 pour surveiller le nombre de requ\u00eates serveur Google Analytics lors de l&#039;utilisation de Google Tag Manager<\/td><td>1 minute<\/td><\/tr><tr><td>_gac_<\/td><td>Contient des informations relatives aux campagnes marketing de l&#039;utilisateur. Celles-ci sont partag\u00e9es avec Google AdWords \/ Google Ads lorsque les comptes Google Ads et Google Analytics sont li\u00e9s.<\/td><td>90 jours<\/td><\/tr><tr><td>__utma<\/td><td>ID utilis\u00e9 pour identifier les utilisateurs et les sessions<\/td><td>2 ans apr\u00e8s la derni\u00e8re activit\u00e9<\/td><\/tr><tr><td>__utmt<\/td><td>Utilis\u00e9 pour surveiller le nombre de requ\u00eates serveur Google Analytics<\/td><td>10 minutes<\/td><\/tr><tr><td>__utmb<\/td><td>Utilis\u00e9 pour distinguer les nouvelles sessions et visites. Ce cookie est d\u00e9fini lorsque la biblioth\u00e8que javascript GA.js est charg\u00e9e et qu&#039;il n&#039;existe pas de cookie __utmb. Le cookie est mis \u00e0 jour chaque fois que des donn\u00e9es sont envoy\u00e9es au serveur Google Analytics.<\/td><td>30 minutes apr\u00e8s la derni\u00e8re activit\u00e9<\/td><\/tr><tr><td>__utmc<\/td><td>Utilis\u00e9 uniquement avec les anciennes versions Urchin de Google Analytics et non avec GA.js. \u00c9tait utilis\u00e9 pour distinguer entre les nouvelles sessions et visites \u00e0 la fin d&#039;une session.<\/td><td>Fin de session (navigateur)<\/td><\/tr><tr><td>__utmz<\/td><td>Contient des informations sur la source de trafic ou la campagne qui a dirig\u00e9 l&#039;utilisateur vers le site web. Le cookie est d\u00e9fini lorsque le javascript GA.js est charg\u00e9 et mis \u00e0 jour lorsque des donn\u00e9es sont envoy\u00e9es au serveur Google Analytics.<\/td><td>6 mois apr\u00e8s la derni\u00e8re activit\u00e9<\/td><\/tr><tr><td>__utmv<\/td><td>Contient des informations personnalis\u00e9es d\u00e9finies par le d\u00e9veloppeur web via la m\u00e9thode _setCustomVar dans Google Analytics. Ce cookie est mis \u00e0 jour chaque fois que de nouvelles donn\u00e9es sont envoy\u00e9es au serveur Google Analytics.<\/td><td>2 ans apr\u00e8s la derni\u00e8re activit\u00e9<\/td><\/tr><tr><td>__utmx<\/td><td>Utilis\u00e9 pour d\u00e9terminer si un utilisateur est inclus dans un test A \/ B ou multivari\u00e9.<\/td><td>18 mois<\/td><\/tr><tr><td>_ga<\/td><td>ID utilis\u00e9 pour identifier les utilisateurs<\/td><td>2 ans<\/td><\/tr><tr><td>_gali<\/td><td>Utilis\u00e9 par Google Analytics pour d\u00e9terminer quels liens sur une page sont cliqu\u00e9s<\/td><td>30 secondes<\/td><\/tr><tr><td>_ga_<\/td><td>ID utilis\u00e9 pour identifier les utilisateurs<\/td><td>2 ans<\/td><\/tr><tr><td>_gid<\/td><td>ID utilis\u00e9 pour identifier les utilisateurs pendant 24 heures apr\u00e8s la derni\u00e8re activit\u00e9<\/td><td>24 heures<\/td><\/tr><\/table><\/div><\/p>\n\t\t\t\t\t\t\t\t<\/div>\n\t\t\t\t<\/div>\n\t\t\t\t\t<\/div>\n\t\t\t\t<\/div>\n\t\t\t\t<\/div>\n\t\t","protected":false},"excerpt":{"rendered":"<p>Nous accordons une grande importance \u00e0 la protection de votre vie priv\u00e9e. Veuillez lire nos conditions d&rsquo;utilisation et notre politique en mati\u00e8re de cookies. <\/p>\n","protected":false},"author":1,"featured_media":52606,"parent":0,"menu_order":145,"comment_status":"closed","ping_status":"closed","template":"","meta":{"footnotes":""},"class_list":["post-52605","page","type-page","status-publish","has-post-thumbnail","hentry"],"vimeo-url":null,"video-poster":null,"vimeo-poster":null,"featured-video":null,"team-lastname":null,"team-firstname":null,"team-shown-name":null,"team-position":null,"team-description":null,"show-linkedin":null,"team-linkedin":null,"show-facebook":null,"team-facebook":null,"show-instagram":null,"team-instagram":null,"show-twitter":null,"team-twitter":null,"show-medium":null,"team-medium":null,"show-email":null,"team-mail":null,"last-name":null,"first-name":null,"position":null,"_description":null,"linkedin":null,"team-name":null,"team-xing":null,"nickname":null,"team-nickname":null,"_links":{"self":[{"href":"https:\/\/about.getmorebrain.com\/fr\/wp-json\/wp\/v2\/pages\/52605","targetHints":{"allow":["GET"]}}],"collection":[{"href":"https:\/\/about.getmorebrain.com\/fr\/wp-json\/wp\/v2\/pages"}],"about":[{"href":"https:\/\/about.getmorebrain.com\/fr\/wp-json\/wp\/v2\/types\/page"}],"author":[{"embeddable":true,"href":"https:\/\/about.getmorebrain.com\/fr\/wp-json\/wp\/v2\/users\/1"}],"replies":[{"embeddable":true,"href":"https:\/\/about.getmorebrain.com\/fr\/wp-json\/wp\/v2\/comments?post=52605"}],"version-history":[{"count":3,"href":"https:\/\/about.getmorebrain.com\/fr\/wp-json\/wp\/v2\/pages\/52605\/revisions"}],"predecessor-version":[{"id":52633,"href":"https:\/\/about.getmorebrain.com\/fr\/wp-json\/wp\/v2\/pages\/52605\/revisions\/52633"}],"wp:featuredmedia":[{"embeddable":true,"href":"https:\/\/about.getmorebrain.com\/fr\/wp-json\/wp\/v2\/media\/52606"}],"wp:attachment":[{"href":"https:\/\/about.getmorebrain.com\/fr\/wp-json\/wp\/v2\/media?parent=52605"}],"curies":[{"name":"wp","href":"https:\/\/api.w.org\/{rel}","templated":true}]}}