{"id":34870,"date":"2025-11-29T10:41:28","date_gmt":"2025-11-29T09:41:28","guid":{"rendered":"https:\/\/about.getmorebrain.com\/recherche\/"},"modified":"2025-12-23T11:03:42","modified_gmt":"2025-12-23T10:03:42","slug":"recherche","status":"publish","type":"page","link":"https:\/\/about.getmorebrain.com\/fr\/recherche\/","title":{"rendered":"Recherche"},"content":{"rendered":"\t\t<div data-elementor-type=\"wp-page\" data-elementor-id=\"34870\" class=\"elementor elementor-34870 elementor-34858\" data-elementor-post-type=\"page\">\n\t\t\t\t<div class=\"elementor-element elementor-element-18ca3099 e-flex e-con-boxed e-con e-parent\" data-id=\"18ca3099\" data-element_type=\"container\" data-e-type=\"container\" data-settings=\"{&quot;jet_parallax_layout_list&quot;:[],&quot;_ob_use_container_extras&quot;:&quot;no&quot;,&quot;_ob_column_hoveranimator&quot;:&quot;no&quot;,&quot;_ob_glider_is_slider&quot;:&quot;no&quot;,&quot;_ob_column_has_pseudo&quot;:&quot;no&quot;}\">\n\t\t\t\t\t<div class=\"e-con-inner\">\n\t\t<div class=\"elementor-element elementor-element-7619cd72 e-con-full e-flex e-con e-child\" data-id=\"7619cd72\" data-element_type=\"container\" data-e-type=\"container\" data-settings=\"{&quot;jet_parallax_layout_list&quot;:[],&quot;_ob_use_container_extras&quot;:&quot;no&quot;,&quot;_ob_column_hoveranimator&quot;:&quot;no&quot;,&quot;_ob_glider_is_slider&quot;:&quot;no&quot;,&quot;_ob_column_has_pseudo&quot;:&quot;no&quot;}\">\n\t\t\t\t<div class=\"elementor-element elementor-element-3cc0ae44 ob-has-background-overlay elementor-widget elementor-widget-text-editor\" data-id=\"3cc0ae44\" data-element_type=\"widget\" data-e-type=\"widget\" data-settings=\"{&quot;_ob_postman_use&quot;:&quot;no&quot;,&quot;_ob_widget_stalker_use&quot;:&quot;no&quot;,&quot;_ob_poopart_use&quot;:&quot;yes&quot;,&quot;_ob_shadough_use&quot;:&quot;no&quot;,&quot;_ob_allow_hoveranimator&quot;:&quot;no&quot;}\" data-widget_type=\"text-editor.default\">\n\t\t\t\t\t\t\t\t\t<p>Il vous suffit de saisir vos termes de recherche dans le champ pr\u00e9vu \u00e0 cet effet et nous parcourrons instantan\u00e9ment l&rsquo;ensemble de notre collection pour vous fournir les r\u00e9sultats les plus pertinents. Gr\u00e2ce \u00e0 une mise en correspondance intelligente et \u00e0 des r\u00e9sultats faciles \u00e0 lire, vous passerez moins de temps \u00e0 chercher et plus de temps \u00e0 vous int\u00e9resser au contenu qui vous int\u00e9resse. <\/p>\t\t\t\t\t\t\t\t<\/div>\n\t\t\t\t<\/div>\n\t\t\t\t\t<\/div>\n\t\t\t\t<\/div>\n\t\t<div class=\"elementor-element elementor-element-687f3316 e-flex e-con-boxed e-con e-parent\" data-id=\"687f3316\" data-element_type=\"container\" data-e-type=\"container\" data-settings=\"{&quot;jet_parallax_layout_list&quot;:[],&quot;_ob_use_container_extras&quot;:&quot;no&quot;,&quot;_ob_column_hoveranimator&quot;:&quot;no&quot;,&quot;_ob_glider_is_slider&quot;:&quot;no&quot;,&quot;_ob_column_has_pseudo&quot;:&quot;no&quot;}\">\n\t\t\t\t\t<div class=\"e-con-inner\">\n\t\t<div class=\"elementor-element elementor-element-14971ec4 e-con-full e-flex e-con e-child\" data-id=\"14971ec4\" data-element_type=\"container\" data-e-type=\"container\" data-settings=\"{&quot;jet_parallax_layout_list&quot;:[],&quot;_ob_use_container_extras&quot;:&quot;no&quot;,&quot;_ob_column_hoveranimator&quot;:&quot;no&quot;,&quot;_ob_glider_is_slider&quot;:&quot;no&quot;,&quot;_ob_column_has_pseudo&quot;:&quot;no&quot;}\">\n\t\t\t\t<div class=\"elementor-element elementor-element-5fca677 ob-has-background-overlay elementor-widget elementor-widget-jet-search-suggestions\" data-id=\"5fca677\" data-element_type=\"widget\" data-e-type=\"widget\" data-settings=\"{&quot;_ob_widget_stalker_use&quot;:&quot;no&quot;,&quot;_ob_poopart_use&quot;:&quot;yes&quot;,&quot;_ob_shadough_use&quot;:&quot;no&quot;,&quot;_ob_allow_hoveranimator&quot;:&quot;no&quot;}\" data-widget_type=\"jet-search-suggestions.default\">\n\t\t\t\t<div class=\"elementor-widget-container\">\n\t\t\t\t\t<div class=\"elementor-jet-search-suggestions jet-search\">\n<div class=\"jet-search-suggestions\" data-settings=\"{&quot;search_taxonomy&quot;:&quot;&quot;,&quot;search_suggestions_quantity_limit&quot;:10,&quot;show_search_suggestions_list_inline&quot;:&quot;&quot;,&quot;search_suggestions_list_inline&quot;:&quot;&quot;,&quot;search_suggestions_list_inline_quantity&quot;:&quot;&quot;,&quot;search_suggestions_list_inline_manual&quot;:&quot;&quot;,&quot;show_search_suggestions_list_on_focus&quot;:&quot;&quot;,&quot;search_suggestions_list_on_focus&quot;:&quot;&quot;,&quot;search_suggestions_list_on_focus_quantity&quot;:&quot;&quot;,&quot;search_suggestions_list_on_focus_manual&quot;:&quot;&quot;,&quot;show_search_suggestions_list_on_focus_preloader&quot;:&quot;&quot;,&quot;highlight_searched_text&quot;:&quot;&quot;,&quot;search_suggestions_list_inline_item_title_length&quot;:&quot;&quot;,&quot;search_suggestions_list_on_focus_item_title_length&quot;:&quot;&quot;}\"><form class=\"jet-search-suggestions__form\" method=\"get\" action=\"https:\/\/about.getmorebrain.com\/fr\/\" role=\"search\">\n\t\t<div class=\"jet-search-suggestions__fields-holder\">\n\t\t<div class=\"jet-search-suggestions__field-wrapper\">\n\t\t\t<label for=\"search-input-5fca677\" class=\"screen-reader-text\">Recherche ...<\/label>\n\t\t\t<input id=\"search-input-5fca677\" class=\"jet-search-suggestions__field\" type=\"search\" placeholder=\"Search ...\" value=\"\" name=\"s\" autocomplete=\"off\" \/>\n\t\t\t\t\t\t<input type=\"hidden\" value=\"{&quot;search_source&quot;:&quot;any&quot;}\" name=\"jet_search_suggestions_settings\" \/>\n\t\t\t\t\t\t\t\t<\/div>\n\t\t\t<\/div>\n\t\n<button class=\"jet-search-suggestions__submit\" type=\"submit\" aria-label=\"Search submit\"><span class=\"jet-search-suggestions__submit-icon jet-search-suggestions-icon\"><svg aria-hidden=\"true\" class=\"e-font-icon-svg e-fas-search\" viewBox=\"0 0 512 512\" xmlns=\"http:\/\/www.w3.org\/2000\/svg\"><path d=\"M505 442.7L405.3 343c-4.5-4.5-10.6-7-17-7H372c27.6-35.3 44-79.7 44-128C416 93.1 322.9 0 208 0S0 93.1 0 208s93.1 208 208 208c48.3 0 92.7-16.4 128-44v16.3c0 6.4 2.5 12.5 7 17l99.7 99.7c9.4 9.4 24.6 9.4 33.9 0l28.3-28.3c9.4-9.4 9.4-24.6.1-34zM208 336c-70.7 0-128-57.2-128-128 0-70.7 57.2-128 128-128 70.7 0 128 57.2 128 128 0 70.7-57.2 128-128 128z\"><\/path><\/svg><\/span><\/button>\n\t<\/form>\n\n<div class=\"jet-search-suggestions__focus-area\">\n    <div class=\"jet-search-suggestions__focus-results-holder\"><\/div>\n    <div class=\"jet-search-suggestions__message\"><\/div>\n\n<div class=\"jet-search-suggestions__spinner-holder\">\n\t<div class=\"jet-search-suggestions__spinner\">\n\t\t<div class=\"rect rect-1\"><\/div>\n\t\t<div class=\"rect rect-2\"><\/div>\n\t\t<div class=\"rect rect-3\"><\/div>\n\t\t<div class=\"rect rect-4\"><\/div>\n\t\t<div class=\"rect rect-5\"><\/div>\n\t<\/div>\n<\/div>\n<\/div><\/div>\n<\/div>\t\t\t\t<\/div>\n\t\t\t\t<\/div>\n\t\t\t\t<div class=\"elementor-element elementor-element-bd99cf5 ob-has-background-overlay elementor-widget elementor-widget-nav-menu\" data-id=\"bd99cf5\" data-element_type=\"widget\" data-e-type=\"widget\" data-settings=\"{&quot;layout&quot;:&quot;dropdown&quot;,&quot;submenu_icon&quot;:{&quot;value&quot;:&quot;&lt;svg aria-hidden=\\&quot;true\\&quot; class=\\&quot;e-font-icon-svg e-fas-caret-down\\&quot; viewBox=\\&quot;0 0 320 512\\&quot; xmlns=\\&quot;http:\\\/\\\/www.w3.org\\\/2000\\\/svg\\&quot;&gt;&lt;path d=\\&quot;M31.3 192h257.3c17.8 0 26.7 21.5 14.1 34.1L174.1 354.8c-7.8 7.8-20.5 7.8-28.3 0L17.2 226.1C4.6 213.5 13.5 192 31.3 192z\\&quot;&gt;&lt;\\\/path&gt;&lt;\\\/svg&gt;&quot;,&quot;library&quot;:&quot;fa-solid&quot;},&quot;_ob_widget_stalker_use&quot;:&quot;no&quot;,&quot;_ob_poopart_use&quot;:&quot;yes&quot;,&quot;_ob_shadough_use&quot;:&quot;no&quot;,&quot;_ob_allow_hoveranimator&quot;:&quot;no&quot;}\" data-widget_type=\"nav-menu.default\">\n\t\t\t\t\t\t\t\t<nav class=\"elementor-nav-menu--dropdown elementor-nav-menu__container\" aria-hidden=\"true\">\n\t\t\t\t<ul id=\"menu-2-bd99cf5\" class=\"elementor-nav-menu\"><li class=\"menu-item menu-item-type-post_type menu-item-object-page menu-item-home menu-item-45663\"><a href=\"https:\/\/about.getmorebrain.com\/fr\/\" class=\"elementor-item\" tabindex=\"-1\">Get More Brain<\/a><\/li>\n<li class=\"menu-item menu-item-type-post_type menu-item-object-page current_page_parent menu-item-45664\"><a href=\"https:\/\/about.getmorebrain.com\/fr\/blog\/\" class=\"elementor-item\" tabindex=\"-1\">Blog<\/a><\/li>\n<li class=\"menu-item menu-item-type-post_type_archive menu-item-object-areas menu-item-has-children menu-item-45665\"><a href=\"https:\/\/about.getmorebrain.com\/fr\/areas\/\" class=\"elementor-item\" tabindex=\"-1\">Features<\/a>\n<ul class=\"sub-menu elementor-nav-menu--dropdown\">\n\t<li class=\"menu-item menu-item-type-post_type menu-item-object-areas menu-item-48929\"><a href=\"https:\/\/about.getmorebrain.com\/fr\/areas\/academy\/\" class=\"elementor-sub-item\" tabindex=\"-1\">Academy<\/a><\/li>\n\t<li class=\"menu-item menu-item-type-post_type menu-item-object-areas menu-item-48930\"><a href=\"https:\/\/about.getmorebrain.com\/fr\/areas\/library\/\" class=\"elementor-sub-item\" tabindex=\"-1\">Library<\/a><\/li>\n\t<li class=\"menu-item menu-item-type-post_type menu-item-object-areas menu-item-48931\"><a href=\"https:\/\/about.getmorebrain.com\/fr\/areas\/reader\/\" class=\"elementor-sub-item\" tabindex=\"-1\">Reader<\/a><\/li>\n\t<li class=\"menu-item menu-item-type-post_type menu-item-object-areas menu-item-48932\"><a href=\"https:\/\/about.getmorebrain.com\/fr\/areas\/workspace\/\" class=\"elementor-sub-item\" tabindex=\"-1\">Workspace<\/a><\/li>\n\t<li class=\"menu-item menu-item-type-post_type menu-item-object-areas menu-item-48933\"><a href=\"https:\/\/about.getmorebrain.com\/fr\/areas\/cahiers\/\" class=\"elementor-sub-item\" tabindex=\"-1\">Cahiers<\/a><\/li>\n\t<li class=\"menu-item menu-item-type-post_type menu-item-object-areas menu-item-48934\"><a href=\"https:\/\/about.getmorebrain.com\/fr\/areas\/messenger\/\" class=\"elementor-sub-item\" tabindex=\"-1\">Messenger<\/a><\/li>\n<\/ul>\n<\/li>\n<li class=\"menu-item menu-item-type-post_type_archive menu-item-object-industries menu-item-has-children menu-item-45672\"><a href=\"https:\/\/about.getmorebrain.com\/fr\/industries\/\" class=\"elementor-item\" tabindex=\"-1\">Industries<\/a>\n<ul class=\"sub-menu elementor-nav-menu--dropdown\">\n\t<li class=\"menu-item menu-item-type-post_type menu-item-object-industries menu-item-45725\"><a href=\"https:\/\/about.getmorebrain.com\/fr\/industries\/editeurs-createurs-specialises\/\" class=\"elementor-sub-item\" tabindex=\"-1\">\u00c9diteurs \/ cr\u00e9ateurs sp\u00e9cialis\u00e9s<\/a><\/li>\n\t<li class=\"menu-item menu-item-type-post_type menu-item-object-industries menu-item-45726\"><a href=\"https:\/\/about.getmorebrain.com\/fr\/industries\/organismes-de-normalisation-odd\/\" class=\"elementor-sub-item\" tabindex=\"-1\">Organismes de normalisation<\/a><\/li>\n\t<li class=\"menu-item menu-item-type-post_type menu-item-object-industries menu-item-45727\"><a href=\"https:\/\/about.getmorebrain.com\/fr\/industries\/formation-professionnelle-apprentissage\/\" class=\"elementor-sub-item\" tabindex=\"-1\">Formation professionnelle \/ apprentissage<\/a><\/li>\n<\/ul>\n<\/li>\n<li class=\"menu-item menu-item-type-post_type_archive menu-item-object-customers menu-item-45728\"><a href=\"https:\/\/about.getmorebrain.com\/fr\/customers\/\" class=\"elementor-item\" tabindex=\"-1\">Customers<\/a><\/li>\n<li class=\"menu-item menu-item-type-post_type_archive menu-item-object-benefits menu-item-45729\"><a href=\"https:\/\/about.getmorebrain.com\/fr\/benefits\/\" class=\"elementor-item\" tabindex=\"-1\">Benefits<\/a><\/li>\n<li class=\"menu-item menu-item-type-post_type_archive menu-item-object-stories menu-item-45730\"><a href=\"https:\/\/about.getmorebrain.com\/fr\/stories\/\" class=\"elementor-item\" tabindex=\"-1\">Stories<\/a><\/li>\n<li class=\"menu-item menu-item-type-post_type_archive menu-item-object-testimonials menu-item-45731\"><a href=\"https:\/\/about.getmorebrain.com\/fr\/testimonials\/\" class=\"elementor-item\" tabindex=\"-1\">Testimonials<\/a><\/li>\n<li class=\"menu-item menu-item-type-post_type menu-item-object-page menu-item-45732\"><a href=\"https:\/\/about.getmorebrain.com\/fr\/qui\/\" class=\"elementor-item\" tabindex=\"-1\">Community<\/a><\/li>\n<li class=\"menu-item menu-item-type-post_type_archive menu-item-object-team menu-item-45733\"><a href=\"https:\/\/about.getmorebrain.com\/fr\/team\/\" class=\"elementor-item\" tabindex=\"-1\">Team<\/a><\/li>\n<li class=\"menu-item menu-item-type-post_type_archive menu-item-object-jobs menu-item-45734\"><a href=\"https:\/\/about.getmorebrain.com\/fr\/jobs\/\" class=\"elementor-item\" tabindex=\"-1\">Jobs<\/a><\/li>\n<li class=\"menu-item menu-item-type-post_type menu-item-object-page menu-item-45735\"><a href=\"https:\/\/about.getmorebrain.com\/fr\/recherche\/\" class=\"elementor-item\" tabindex=\"-1\">Recherche<\/a><\/li>\n<li class=\"menu-item menu-item-type-post_type menu-item-object-page menu-item-45736\"><a href=\"https:\/\/about.getmorebrain.com\/fr\/reservez-une-demonstration\/\" class=\"elementor-item\" tabindex=\"-1\">Contact<\/a><\/li>\n<li class=\"menu-item menu-item-type-post_type menu-item-object-page menu-item-45737\"><a href=\"https:\/\/about.getmorebrain.com\/fr\/politique-de-confidentialite\/\" class=\"elementor-item\" tabindex=\"-1\">Politique de Confidentialit\u00e9<\/a><\/li>\n<li class=\"menu-item menu-item-type-post_type menu-item-object-page menu-item-45738\"><a href=\"https:\/\/about.getmorebrain.com\/fr\/mentions-legales\/\" class=\"elementor-item\" tabindex=\"-1\">Mentions l\u00e9gales<\/a><\/li>\n<li class=\"menu-item menu-item-type-post_type menu-item-object-page menu-item-has-children menu-item-45739\"><a href=\"https:\/\/about.getmorebrain.com\/fr\/pages-datterrissage\/\" class=\"elementor-item\" tabindex=\"-1\">Atterrissages<\/a>\n<ul class=\"sub-menu elementor-nav-menu--dropdown\">\n\t<li class=\"menu-item menu-item-type-post_type menu-item-object-page menu-item-45740\"><a href=\"https:\/\/about.getmorebrain.com\/fr\/pages-datterrissage\/fbm25\/\" class=\"elementor-sub-item\" tabindex=\"-1\">FBM25<\/a><\/li>\n\t<li class=\"menu-item menu-item-type-post_type menu-item-object-page menu-item-45741\"><a href=\"https:\/\/about.getmorebrain.com\/fr\/pages-datterrissage\/tarification-des-ecoles-de-langues\/\" class=\"elementor-sub-item\" tabindex=\"-1\">Apprentissage \u00e9volutif pour les \u00e9coles de langues vivantes<\/a><\/li>\n\t<li class=\"menu-item menu-item-type-post_type menu-item-object-page menu-item-45742\"><a href=\"https:\/\/about.getmorebrain.com\/fr\/pages-datterrissage\/les-revenus-caches-de-ledition-medicale\/\" class=\"elementor-sub-item\" tabindex=\"-1\">Les revenus cach\u00e9s de l\u2019\u00e9dition m\u00e9dicale<\/a><\/li>\n<\/ul>\n<\/li>\n<li class=\"menu-item menu-item-type-post_type menu-item-object-page menu-item-has-children menu-item-45743\"><a href=\"https:\/\/about.getmorebrain.com\/fr\/tests\/\" class=\"elementor-item\" tabindex=\"-1\">Tests<\/a>\n<ul class=\"sub-menu elementor-nav-menu--dropdown\">\n\t<li class=\"menu-item menu-item-type-post_type menu-item-object-page menu-item-45744\"><a href=\"https:\/\/about.getmorebrain.com\/fr\/tests\/test-du-sondage-dynamique\/\" class=\"elementor-sub-item\" tabindex=\"-1\">Test de sondage dynamique<\/a><\/li>\n\t<li class=\"menu-item menu-item-type-post_type menu-item-object-page menu-item-45745\"><a href=\"https:\/\/about.getmorebrain.com\/fr\/tests\/tester-les-resultats-dynamiques\/\" class=\"elementor-sub-item\" tabindex=\"-1\">Tester les r\u00e9sultats dynamiques<\/a><\/li>\n\t<li class=\"menu-item menu-item-type-post_type menu-item-object-page menu-item-45746\"><a href=\"https:\/\/about.getmorebrain.com\/fr\/tests\/tester-les-tableaux-de-tarification\/\" class=\"elementor-sub-item\" tabindex=\"-1\">Tester les tableaux de tarification<\/a><\/li>\n\t<li class=\"menu-item menu-item-type-post_type menu-item-object-page menu-item-45747\"><a href=\"https:\/\/about.getmorebrain.com\/fr\/tests\/nouvelles-oen\/\" class=\"elementor-sub-item\" tabindex=\"-1\">Test des ODD nouveau<\/a><\/li>\n\t<li class=\"menu-item menu-item-type-post_type menu-item-object-page menu-item-45748\"><a href=\"https:\/\/about.getmorebrain.com\/fr\/tests\/get-more-brain-nouveau\/\" class=\"elementor-sub-item\" tabindex=\"-1\">Tarification de test<\/a><\/li>\n<\/ul>\n<\/li>\n<\/ul>\t\t\t<\/nav>\n\t\t\t\t\t\t<\/div>\n\t\t\t\t<\/div>\n\t\t\t\t\t<\/div>\n\t\t\t\t<\/div>\n\t\t\t\t<\/div>\n\t\t","protected":false},"excerpt":{"rendered":"<p>\u00ab\u00a0Ce que vous ne cherchez pas, vous avez peu de chances de le trouver. &#8211; David Icke<\/p>\n","protected":false},"author":1,"featured_media":43812,"parent":0,"menu_order":130,"comment_status":"closed","ping_status":"closed","template":"","meta":{"footnotes":""},"class_list":["post-34870","page","type-page","status-publish","has-post-thumbnail","hentry"],"vimeo-url":null,"video-poster":null,"vimeo-poster":null,"featured-video":null,"team-lastname":null,"team-firstname":null,"team-shown-name":null,"team-position":null,"team-description":null,"show-linkedin":null,"team-linkedin":null,"show-facebook":null,"team-facebook":null,"show-instagram":null,"team-instagram":null,"show-twitter":null,"team-twitter":null,"show-medium":null,"team-medium":null,"show-email":null,"team-mail":null,"last-name":null,"first-name":null,"position":null,"_description":null,"linkedin":null,"team-name":null,"team-xing":null,"nickname":null,"team-nickname":null,"_links":{"self":[{"href":"https:\/\/about.getmorebrain.com\/fr\/wp-json\/wp\/v2\/pages\/34870","targetHints":{"allow":["GET"]}}],"collection":[{"href":"https:\/\/about.getmorebrain.com\/fr\/wp-json\/wp\/v2\/pages"}],"about":[{"href":"https:\/\/about.getmorebrain.com\/fr\/wp-json\/wp\/v2\/types\/page"}],"author":[{"embeddable":true,"href":"https:\/\/about.getmorebrain.com\/fr\/wp-json\/wp\/v2\/users\/1"}],"replies":[{"embeddable":true,"href":"https:\/\/about.getmorebrain.com\/fr\/wp-json\/wp\/v2\/comments?post=34870"}],"version-history":[{"count":4,"href":"https:\/\/about.getmorebrain.com\/fr\/wp-json\/wp\/v2\/pages\/34870\/revisions"}],"predecessor-version":[{"id":44847,"href":"https:\/\/about.getmorebrain.com\/fr\/wp-json\/wp\/v2\/pages\/34870\/revisions\/44847"}],"wp:featuredmedia":[{"embeddable":true,"href":"https:\/\/about.getmorebrain.com\/fr\/wp-json\/wp\/v2\/media\/43812"}],"wp:attachment":[{"href":"https:\/\/about.getmorebrain.com\/fr\/wp-json\/wp\/v2\/media?parent=34870"}],"curies":[{"name":"wp","href":"https:\/\/api.w.org\/{rel}","templated":true}]}}