{"id":25387,"date":"2022-11-01T11:55:13","date_gmt":"2022-11-01T10:55:13","guid":{"rendered":"https:\/\/about.getmorebrain.com\/mentions-legales\/"},"modified":"2026-02-12T19:24:13","modified_gmt":"2026-02-12T18:24:13","slug":"mentions-legales","status":"publish","type":"page","link":"https:\/\/about.getmorebrain.com\/fr\/mentions-legales\/","title":{"rendered":"Mentions l\u00e9gales"},"content":{"rendered":"\t\t<div data-elementor-type=\"wp-page\" data-elementor-id=\"25387\" class=\"elementor elementor-25387 elementor-25377\" data-elementor-post-type=\"page\">\n\t\t\t\t<div class=\"elementor-element elementor-element-7a125af e-flex e-con-boxed e-con e-parent\" data-id=\"7a125af\" data-element_type=\"container\" data-e-type=\"container\" data-settings=\"{&quot;jet_parallax_layout_list&quot;:[],&quot;_ob_use_container_extras&quot;:&quot;no&quot;,&quot;_ob_column_hoveranimator&quot;:&quot;no&quot;,&quot;_ob_glider_is_slider&quot;:&quot;no&quot;,&quot;_ob_column_has_pseudo&quot;:&quot;no&quot;}\">\n\t\t\t\t\t<div class=\"e-con-inner\">\n\t\t<div class=\"elementor-element elementor-element-f6fab5a e-con-full e-flex e-con e-child\" data-id=\"f6fab5a\" data-element_type=\"container\" data-e-type=\"container\" data-settings=\"{&quot;jet_parallax_layout_list&quot;:[],&quot;_ob_use_container_extras&quot;:&quot;no&quot;,&quot;_ob_column_hoveranimator&quot;:&quot;no&quot;,&quot;_ob_glider_is_slider&quot;:&quot;no&quot;,&quot;_ob_column_has_pseudo&quot;:&quot;no&quot;}\">\n\t\t\t\t<div class=\"elementor-element elementor-element-25530a8 ob-harakiri-inherit ob-has-background-overlay elementor-widget elementor-widget-text-editor\" data-id=\"25530a8\" data-element_type=\"widget\" data-e-type=\"widget\" data-settings=\"{&quot;_ob_use_harakiri&quot;:&quot;yes&quot;,&quot;_ob_harakiri_writing_mode&quot;:&quot;inherit&quot;,&quot;_ob_postman_use&quot;:&quot;no&quot;,&quot;_ob_widget_stalker_use&quot;:&quot;no&quot;,&quot;_ob_poopart_use&quot;:&quot;yes&quot;,&quot;_ob_shadough_use&quot;:&quot;no&quot;,&quot;_ob_allow_hoveranimator&quot;:&quot;no&quot;}\" data-widget_type=\"text-editor.default\">\n\t\t\t\t\t\t\t\t\t<p><b>Get More Brain AG<\/b><br>Predigerplatz 22\/24<br>8001 Zurich<br>Suisse<\/p><p><b>Courriel :<\/b> <a title=\"\" href=\"mailto:contact@getmorebrain.com\">contact@getmorebrain.com<\/a><br><b>Site internet :<\/b> <a title=\"\" href=\"https:\/\/www.getmorebrain.com\">https:\/\/www.getmorebrain.com<\/a><\/p><p><strong>Personnes autoris\u00e9es \u00e0 repr\u00e9senter l&rsquo;entreprise :<\/strong><br>Directeur g\u00e9n\u00e9ral : Thomas Gabathuler<\/p><p><strong>Num\u00e9ro d&rsquo;identification unique :<\/strong> <a class=\"ob-external-link ng-star-inserted\" href=\"https:\/\/zefix.ch\/de\/search\/entity\/list\/firm\/1483140\" target=\"_blank\" rel=\"noopener\">CHE-131.037.382<\/a><br><strong>Num\u00e9ro de TVA :<\/strong> CHE-131.037.382 TVA<\/p>\t\t\t\t\t\t\t\t<\/div>\n\t\t\t\t<div class=\"elementor-element elementor-element-fe0d316 ob-harakiri-inherit ob-has-background-overlay elementor-widget elementor-widget-heading\" data-id=\"fe0d316\" data-element_type=\"widget\" data-e-type=\"widget\" data-settings=\"{&quot;_ob_use_harakiri&quot;:&quot;yes&quot;,&quot;_ob_harakiri_writing_mode&quot;:&quot;inherit&quot;,&quot;_ob_harakiri_text_clip&quot;:&quot;none&quot;,&quot;_ob_widget_stalker_use&quot;:&quot;no&quot;,&quot;_ob_poopart_use&quot;:&quot;yes&quot;,&quot;_ob_shadough_use&quot;:&quot;no&quot;,&quot;_ob_allow_hoveranimator&quot;:&quot;no&quot;}\" data-widget_type=\"heading.default\">\n\t\t\t\t\t<h2 class=\"elementor-heading-title elementor-size-default\">Veuillez nous laisser un message<\/h2>\t\t\t\t<\/div>\n\t\t\t\t<div class=\"elementor-element elementor-element-92ba453 elementor-button-align-stretch ob-has-background-overlay elementor-widget elementor-widget-form\" data-id=\"92ba453\" data-element_type=\"widget\" data-e-type=\"widget\" data-settings=\"{&quot;step_next_label&quot;:&quot;Suivant&quot;,&quot;step_previous_label&quot;:&quot;Pr\\u00e9c\\u00e9dent&quot;,&quot;step_type&quot;:&quot;number_text&quot;,&quot;step_icon_shape&quot;:&quot;circle&quot;,&quot;_ob_widget_stalker_use&quot;:&quot;no&quot;,&quot;_ob_poopart_use&quot;:&quot;yes&quot;,&quot;_ob_shadough_use&quot;:&quot;no&quot;,&quot;_ob_allow_hoveranimator&quot;:&quot;no&quot;}\" data-widget_type=\"form.default\">\n\t\t\t\t\t\t\t<form class=\"elementor-form\" method=\"post\" name=\"Nouveau formulaire\" aria-label=\"Nouveau formulaire\">\n\t\t\t<input type=\"hidden\" name=\"post_id\" value=\"25387\"\/>\n\t\t\t<input type=\"hidden\" name=\"form_id\" value=\"92ba453\"\/>\n\t\t\t<input type=\"hidden\" name=\"referer_title\" value=\"Mentions l\u00e9gales &ndash; Get More Brain\" \/>\n\n\t\t\t\t\t\t\t<input type=\"hidden\" name=\"queried_id\" value=\"25387\"\/>\n\t\t\t\n\t\t\t<div class=\"elementor-form-fields-wrapper elementor-labels-above\">\n\t\t\t\t\t\t\t\t<div class=\"elementor-field-type-text elementor-field-group elementor-column elementor-field-group-name elementor-col-100\">\n\t\t\t\t\t\t\t\t\t\t\t\t<label for=\"form-field-name\" class=\"elementor-field-label\">\n\t\t\t\t\t\t\t\tNom\t\t\t\t\t\t\t<\/label>\n\t\t\t\t\t\t\t\t\t\t\t\t\t\t<input size=\"1\" type=\"text\" name=\"form_fields[name]\" id=\"form-field-name\" class=\"elementor-field elementor-size-sm  elementor-field-textual\" placeholder=\"Nom\">\n\t\t\t\t\t\t\t\t\t\t\t<\/div>\n\t\t\t\t\t\t\t\t<div class=\"elementor-field-type-email elementor-field-group elementor-column elementor-field-group-email elementor-col-100 elementor-field-required\">\n\t\t\t\t\t\t\t\t\t\t\t\t<label for=\"form-field-email\" class=\"elementor-field-label\">\n\t\t\t\t\t\t\t\tE-mail\t\t\t\t\t\t\t<\/label>\n\t\t\t\t\t\t\t\t\t\t\t\t\t\t<input size=\"1\" type=\"email\" name=\"form_fields[email]\" id=\"form-field-email\" class=\"elementor-field elementor-size-sm  elementor-field-textual\" placeholder=\"E-mail\" required=\"required\">\n\t\t\t\t\t\t\t\t\t\t\t<\/div>\n\t\t\t\t\t\t\t\t<div class=\"elementor-field-type-textarea elementor-field-group elementor-column elementor-field-group-message elementor-col-100\">\n\t\t\t\t\t\t\t\t\t\t\t\t<label for=\"form-field-message\" class=\"elementor-field-label\">\n\t\t\t\t\t\t\t\tMessage\t\t\t\t\t\t\t<\/label>\n\t\t\t\t\t\t<textarea class=\"elementor-field-textual elementor-field  elementor-size-sm\" name=\"form_fields[message]\" id=\"form-field-message\" rows=\"4\" placeholder=\"Message\"><\/textarea>\t\t\t\t<\/div>\n\t\t\t\t\t\t\t\t<div class=\"elementor-field-group elementor-column elementor-field-type-submit elementor-col-100 e-form__buttons\">\n\t\t\t\t\t<button class=\"elementor-button elementor-size-sm\" type=\"submit\">\n\t\t\t\t\t\t<span class=\"elementor-button-content-wrapper\">\n\t\t\t\t\t\t\t\t\t\t\t\t\t\t\t\t\t\t\t\t\t\t<span class=\"elementor-button-text\">Envoyer<\/span>\n\t\t\t\t\t\t\t\t\t\t\t\t\t<\/span>\n\t\t\t\t\t<\/button>\n\t\t\t\t<\/div>\n\t\t\t<\/div>\n\t\t<\/form>\n\t\t\t\t\t\t<\/div>\n\t\t\t\t<\/div>\n\t\t\t\t\t<\/div>\n\t\t\t\t<\/div>\n\t\t\t\t<\/div>\n\t\t","protected":false},"excerpt":{"rendered":"<p>D\u00e9couvrez qui nous sommes \u00e0 Get More Brain AG et entrez en contact avec nous d\u00e8s aujourd&rsquo;hui !<\/p>\n","protected":false},"author":1,"featured_media":43857,"parent":0,"menu_order":150,"comment_status":"closed","ping_status":"closed","template":"","meta":{"footnotes":""},"class_list":["post-25387","page","type-page","status-publish","has-post-thumbnail","hentry"],"vimeo-url":null,"video-poster":null,"vimeo-poster":null,"featured-video":null,"team-lastname":null,"team-firstname":null,"team-shown-name":null,"team-position":null,"team-description":null,"show-linkedin":null,"team-linkedin":null,"show-facebook":null,"team-facebook":null,"show-instagram":null,"team-instagram":null,"show-twitter":null,"team-twitter":null,"show-medium":null,"team-medium":null,"show-email":null,"team-mail":null,"last-name":null,"first-name":null,"position":null,"_description":null,"linkedin":null,"team-name":null,"team-xing":null,"nickname":null,"team-nickname":null,"_links":{"self":[{"href":"https:\/\/about.getmorebrain.com\/fr\/wp-json\/wp\/v2\/pages\/25387","targetHints":{"allow":["GET"]}}],"collection":[{"href":"https:\/\/about.getmorebrain.com\/fr\/wp-json\/wp\/v2\/pages"}],"about":[{"href":"https:\/\/about.getmorebrain.com\/fr\/wp-json\/wp\/v2\/types\/page"}],"author":[{"embeddable":true,"href":"https:\/\/about.getmorebrain.com\/fr\/wp-json\/wp\/v2\/users\/1"}],"replies":[{"embeddable":true,"href":"https:\/\/about.getmorebrain.com\/fr\/wp-json\/wp\/v2\/comments?post=25387"}],"version-history":[{"count":5,"href":"https:\/\/about.getmorebrain.com\/fr\/wp-json\/wp\/v2\/pages\/25387\/revisions"}],"predecessor-version":[{"id":43905,"href":"https:\/\/about.getmorebrain.com\/fr\/wp-json\/wp\/v2\/pages\/25387\/revisions\/43905"}],"wp:featuredmedia":[{"embeddable":true,"href":"https:\/\/about.getmorebrain.com\/fr\/wp-json\/wp\/v2\/media\/43857"}],"wp:attachment":[{"href":"https:\/\/about.getmorebrain.com\/fr\/wp-json\/wp\/v2\/media?parent=25387"}],"curies":[{"name":"wp","href":"https:\/\/api.w.org\/{rel}","templated":true}]}}