{"id":53636,"date":"2026-04-28T08:38:03","date_gmt":"2026-04-28T06:38:03","guid":{"rendered":"https:\/\/about.getmorebrain.com\/tests\/iframely-synthesia-testen\/"},"modified":"2026-05-11T08:32:38","modified_gmt":"2026-05-11T06:32:38","slug":"iframely-synthesia-testen","status":"publish","type":"page","link":"https:\/\/about.getmorebrain.com\/de\/tests\/iframely-synthesia-testen\/","title":{"rendered":"iFramely \/ Synthesia testen"},"content":{"rendered":"\n<div style=\"height:40px\" aria-hidden=\"true\" class=\"wp-block-spacer\"><\/div>\n\n<h2 class=\"wp-block-heading\">Synthesia Link<\/h2>\n\n<p>der Link enth\u00e4lt den Sprachparameter, der bestimmt, in welcher Sprache das Video beginnt.<\/p>\n\n<pre class=\"wp-block-code\"><code>https:&#47;&#47;share.synthesia.io\/8a297fad-ea2c-44b6-9dc7-d901a086cbd0?language=es<\/code><\/pre>\n\n<div style=\"height:40px\" aria-hidden=\"true\" class=\"wp-block-spacer\"><\/div>\n\n<h2 class=\"wp-block-heading\">iFramely Code<\/h2>\n\n<p>iFramely k\u00fcrzt den lang-Parameter.  <\/p>\n\n<p>Der iFramelys-Support leitet an Synthesia weiter, dass sie den oembed-Parameter korrigieren sollten.<\/p>\n\n<p>Synthesia leitet zur\u00fcck zu iFramely und schl\u00e4gt vor, iFramely auszuschalten und stattdessen Synthesias direkten Link zu verwenden. \ud83e\udd37\u200d\u2642\ufe0f<\/p>\n\n<p>Das kommt von iFramely zur\u00fcck und wird vom Vendor-Bit angezeigt (nach meinem Verst\u00e4ndnis)<\/p>\n\n<pre class=\"wp-block-code\"><code>&lt;div style=\"left: 0; width: 100%; height: 0; position: relative; padding-bottom: 56.25%;\"&gt;&lt;iframe src=\"https:\/\/share.synthesia.io\/embeds\/videos\/717419e3-64d8-4e79-b93c-96e79b74f0ad?source=oembed\" style=\"top: 0; left: 0; width: 100%; height: 100%; position: absolute; border: 0;\" allowfullscreen scrolling=\"no\" allow=\"encrypted-media *; fullscreen *; microphone *; screen-wake-lock *;\"&gt;&lt;\/iframe&gt;&lt;\/div&gt;<\/code><\/pre>\n\n<div style=\"height:40px\" aria-hidden=\"true\" class=\"wp-block-spacer\"><\/div>\n\n<div style=\"left: 0; width: 100%; height: 0; position: relative; padding-bottom: 56.25%;\"><iframe src=\"https:\/\/share.synthesia.io\/embeds\/videos\/717419e3-64d8-4e79-b93c-96e79b74f0ad?source=oembed\" style=\"top: 0; left: 0; width: 100%; height: 100%; position: absolute; border: 0;\" allowfullscreen=\"\" scrolling=\"no\" allow=\"encrypted-media *; fullscreen *; microphone *; screen-wake-lock *;\"><\/iframe><\/div>\n\n<div style=\"height:40px\" aria-hidden=\"true\" class=\"wp-block-spacer\"><\/div>\n\n<h2 class=\"wp-block-heading\">Modifikation<\/h2>\n\n<p>  Es gibt eine einfache L\u00f6sung, wenn es uns gelingt, den von iFramelys vorgegebenen Code zu \u00e4ndern und den Sprachparameter in unserem Bit wieder einzuf\u00fcgen.<\/p>\n\n<pre class=\"wp-block-code\"><code>&lt;div style=\"left: 0; width: 100%; height: 0; position: relative; padding-bottom: 56.25%;\"&gt;&lt;iframe src=\"https:\/\/share.synthesia.io\/embeds\/videos\/717419e3-64d8-4e79-b93c-96e79b74f0ad?source=oembed&amp;language=es\" style=\"top: 0; left: 0; width: 100%; height: 100%; position: absolute; border: 0;\" allowfullscreen scrolling=\"no\" allow=\"encrypted-media *; fullscreen *; microphone *; screen-wake-lock *;\"&gt;&lt;\/iframe&gt;&lt;\/div&gt;<\/code><\/pre>\n\n<div style=\"height:40px\" aria-hidden=\"true\" class=\"wp-block-spacer\"><\/div>\n\n<div style=\"left: 0; width: 100%; height: 0; position: relative; padding-bottom: 56.25%;\"><iframe src=\"https:\/\/share.synthesia.io\/embeds\/videos\/717419e3-64d8-4e79-b93c-96e79b74f0ad?source=oembed&amp;language=es\" style=\"top: 0; left: 0; width: 100%; height: 100%; position: absolute; border: 0;\" allowfullscreen=\"\" scrolling=\"no\" allow=\"encrypted-media *; fullscreen *; microphone *; screen-wake-lock *;\"><\/iframe><\/div>\n\n<div style=\"height:100px\" aria-hidden=\"true\" class=\"wp-block-spacer\"><\/div>\n","protected":false},"excerpt":{"rendered":"<p>Testen der Synthesia-Einbettung mit iFramely<\/p>\n","protected":false},"author":1,"featured_media":53637,"parent":31910,"menu_order":0,"comment_status":"closed","ping_status":"closed","template":"","meta":{"footnotes":""},"class_list":["post-53636","page","type-page","status-publish","has-post-thumbnail","hentry"],"vimeo-url":null,"video-poster":null,"vimeo-poster":null,"featured-video":null,"team-lastname":null,"team-firstname":null,"team-shown-name":null,"team-position":null,"team-description":null,"show-linkedin":null,"team-linkedin":null,"show-facebook":null,"team-facebook":null,"show-instagram":null,"team-instagram":null,"show-twitter":null,"team-twitter":null,"show-medium":null,"team-medium":null,"show-email":null,"team-mail":null,"last-name":null,"first-name":null,"position":null,"_description":null,"linkedin":null,"team-name":null,"team-xing":null,"nickname":null,"team-nickname":null,"_links":{"self":[{"href":"https:\/\/about.getmorebrain.com\/de\/wp-json\/wp\/v2\/pages\/53636","targetHints":{"allow":["GET"]}}],"collection":[{"href":"https:\/\/about.getmorebrain.com\/de\/wp-json\/wp\/v2\/pages"}],"about":[{"href":"https:\/\/about.getmorebrain.com\/de\/wp-json\/wp\/v2\/types\/page"}],"author":[{"embeddable":true,"href":"https:\/\/about.getmorebrain.com\/de\/wp-json\/wp\/v2\/users\/1"}],"replies":[{"embeddable":true,"href":"https:\/\/about.getmorebrain.com\/de\/wp-json\/wp\/v2\/comments?post=53636"}],"version-history":[{"count":6,"href":"https:\/\/about.getmorebrain.com\/de\/wp-json\/wp\/v2\/pages\/53636\/revisions"}],"predecessor-version":[{"id":54909,"href":"https:\/\/about.getmorebrain.com\/de\/wp-json\/wp\/v2\/pages\/53636\/revisions\/54909"}],"up":[{"embeddable":true,"href":"https:\/\/about.getmorebrain.com\/de\/wp-json\/wp\/v2\/pages\/31910"}],"wp:featuredmedia":[{"embeddable":true,"href":"https:\/\/about.getmorebrain.com\/de\/wp-json\/wp\/v2\/media\/53637"}],"wp:attachment":[{"href":"https:\/\/about.getmorebrain.com\/de\/wp-json\/wp\/v2\/media?parent=53636"}],"curies":[{"name":"wp","href":"https:\/\/api.w.org\/{rel}","templated":true}]}}