{"id":52601,"date":"2026-03-11T12:10:31","date_gmt":"2026-03-11T11:10:31","guid":{"rendered":"https:\/\/about.getmorebrain.com\/cookie-richtlinie\/"},"modified":"2026-03-11T12:34:04","modified_gmt":"2026-03-11T11:34:04","slug":"cookie-richtlinie","status":"publish","type":"page","link":"https:\/\/about.getmorebrain.com\/de\/cookie-richtlinie\/","title":{"rendered":"Cookie-Richtlinie"},"content":{"rendered":"\t\t<div data-elementor-type=\"wp-page\" data-elementor-id=\"52601\" class=\"elementor elementor-52601 elementor-52583\" data-elementor-post-type=\"page\">\n\t\t\t\t<div class=\"elementor-element elementor-element-3a11de0 e-flex e-con-boxed e-con e-parent\" data-id=\"3a11de0\" data-element_type=\"container\" data-e-type=\"container\" data-settings=\"{&quot;jet_parallax_layout_list&quot;:[],&quot;_ob_use_container_extras&quot;:&quot;no&quot;,&quot;_ob_column_hoveranimator&quot;:&quot;no&quot;,&quot;_ob_glider_is_slider&quot;:&quot;no&quot;,&quot;_ob_column_has_pseudo&quot;:&quot;no&quot;}\">\n\t\t\t\t\t<div class=\"e-con-inner\">\n\t\t<div class=\"elementor-element elementor-element-aacd8a1 e-con-full e-flex e-con e-child\" data-id=\"aacd8a1\" data-element_type=\"container\" data-e-type=\"container\" data-settings=\"{&quot;jet_parallax_layout_list&quot;:[],&quot;_ob_use_container_extras&quot;:&quot;no&quot;,&quot;_ob_column_hoveranimator&quot;:&quot;no&quot;,&quot;_ob_glider_is_slider&quot;:&quot;no&quot;,&quot;_ob_column_has_pseudo&quot;:&quot;no&quot;}\">\n\t\t\t\t<div class=\"elementor-element elementor-element-1e58c858 ob-harakiri-inherit ob-has-background-overlay elementor-widget elementor-widget-text-editor\" data-id=\"1e58c858\" data-element_type=\"widget\" data-e-type=\"widget\" data-settings=\"{&quot;_ob_use_harakiri&quot;:&quot;yes&quot;,&quot;_ob_harakiri_writing_mode&quot;:&quot;inherit&quot;,&quot;_ob_postman_use&quot;:&quot;no&quot;,&quot;_ob_widget_stalker_use&quot;:&quot;no&quot;,&quot;_ob_poopart_use&quot;:&quot;yes&quot;,&quot;_ob_shadough_use&quot;:&quot;no&quot;,&quot;_ob_allow_hoveranimator&quot;:&quot;no&quot;}\" data-widget_type=\"text-editor.default\">\n\t\t\t\t\t\t\t\t\t\n<p>Auf dieser Seite finden Sie umfassende Informationen dar\u00fcber, wie wir Cookies auf unserer Website verwenden, um Ihr Surferlebnis zu verbessern, die Leistung der Website zu steigern und personalisierte Inhalte zu liefern. Cookies sind kleine Textdateien, die auf Ihrem Ger\u00e4t gespeichert werden, wenn Sie unsere Website besuchen. Sie helfen uns zu verstehen, wie Besucher mit unserer Website interagieren, und erm\u00f6glichen es uns, eine reibungslosere und effizientere Benutzererfahrung anzubieten. In der nachstehenden Tabelle finden Sie detaillierte Informationen zu jeder Art von Cookie, die wir verwenden, zu ihrem Zweck und wie lange sie auf Ihrem Ger\u00e4t verbleiben. Wir verpflichten uns, Ihre Privatsph\u00e4re zu respektieren und Transparenz \u00fcber die Daten zu schaffen, die wir durch Cookies sammeln. Weitere Informationen dar\u00fcber, wie wir mit Ihren pers\u00f6nlichen Daten umgehen, finden Sie in unserer <a href=\"https:\/\/about.getmorebrain.com\/de\/datenschutz-cookies\/\">Datenschutzrichtlinie.<\/a>     <\/p>\n\n<p><br><div class=\"wpconsent-cookie-policy\"><h2 class=\"wpconsent-cookie-category-name\">Essential<\/h2><p class=\"wpconsent-cookie-category-description\">Essential cookies enable basic functions and are necessary for the proper function of the website.<\/p><table class=\"wpconsent-cookie-policy-table\"><thead><tr><th>Name<\/th><th>Description<\/th><th>Duration<\/th><\/tr><\/thead><tbody><tr><td>wpconsent_preferences<\/td><td>This cookie is used to store the user&#039;s cookie consent preferences.<\/td><td>30 days<\/td><\/tr><\/tbody><\/table><h3 class=\"wpconsent-cookie-service-name\">Comments<\/h3><p class=\"wpconsent-cookie-service-description\">These cookies are needed for adding comments on this website.<\/p><table class=\"wpconsent-cookie-policy-table\"><thead><tr><th>Name<\/th><th>Description<\/th><th>Duration<\/th><\/tr><\/thead><tbody><tr><td>comment_author<\/td><td>Used to track the user across multiple sessions.<\/td><td>Session<\/td><\/tr><tr><td>comment_author_email<\/td><td>Used to track the user across multiple sessions.<\/td><td>Session<\/td><\/tr><tr><td>comment_author_url<\/td><td>Used to track the user across multiple sessions.<\/td><td>Session<\/td><\/tr><\/tbody><\/table><h2 class=\"wpconsent-cookie-category-name\">Statistics<\/h2><p class=\"wpconsent-cookie-category-description\">Statistics cookies collect information anonymously. This information helps us understand how visitors use our website.<\/p><h3 class=\"wpconsent-cookie-service-name\">Google Analytics<\/h3><p class=\"wpconsent-cookie-service-description\">Google Analytics is a powerful tool that tracks and analyzes website traffic for informed marketing decisions.<\/p><a href=\"https:\/\/policies.google.com\/privacy\" target=\"_blank\" rel=\"noopener\">Learn more<\/a><table class=\"wpconsent-cookie-policy-table\"><thead><tr><th>Name<\/th><th>Description<\/th><th>Duration<\/th><\/tr><\/thead><tbody><tr><td>_gat<\/td><td>Used to monitor number of Google Analytics server requests when using Google Tag Manager<\/td><td>1 minute<\/td><\/tr><tr><td>_gac_<\/td><td>Contains information related to marketing campaigns of the user. These are shared with Google AdWords \/ Google Ads when the Google Ads and Google Analytics accounts are linked together.<\/td><td>90 days<\/td><\/tr><tr><td>__utma<\/td><td>ID used to identify users and sessions<\/td><td>2 years after last activity<\/td><\/tr><tr><td>__utmt<\/td><td>Used to monitor number of Google Analytics server requests<\/td><td>10 minutes<\/td><\/tr><tr><td>__utmb<\/td><td>Used to distinguish new sessions and visits. This cookie is set when the GA.js javascript library is loaded and there is no existing __utmb cookie. The cookie is updated every time data is sent to the Google Analytics server.<\/td><td>30 minutes after last activity<\/td><\/tr><tr><td>__utmc<\/td><td>Used only with old Urchin versions of Google Analytics and not with GA.js. Was used to distinguish between new sessions and visits at the end of a session.<\/td><td>End of session (browser)<\/td><\/tr><tr><td>__utmz<\/td><td>Contains information about the traffic source or campaign that directed user to the website. The cookie is set when the GA.js javascript is loaded and updated when data is sent to the Google Anaytics server<\/td><td>6 months after last activity<\/td><\/tr><tr><td>__utmv<\/td><td>Contains custom information set by the web developer via the _setCustomVar method in Google Analytics. This cookie is updated every time new data is sent to the Google Analytics server.<\/td><td>2 years after last activity<\/td><\/tr><tr><td>__utmx<\/td><td>Used to determine whether a user is included in an A \/ B or Multivariate test.<\/td><td>18 months<\/td><\/tr><tr><td>_ga<\/td><td>ID used to identify users<\/td><td>2 years<\/td><\/tr><tr><td>_gali<\/td><td>Used by Google Analytics to determine which links on a page are being clicked<\/td><td>30 seconds<\/td><\/tr><tr><td>_ga_<\/td><td>ID used to identify users<\/td><td>2 years<\/td><\/tr><tr><td>_gid<\/td><td>ID used to identify users for 24 hours after last activity<\/td><td>24 hours<\/td><\/tr><\/tbody><\/table><\/div><\/p>\n\t\t\t\t\t\t\t\t<\/div>\n\t\t\t\t<\/div>\n\t\t\t\t\t<\/div>\n\t\t\t\t<\/div>\n\t\t\t\t<\/div>\n\t\t","protected":false},"excerpt":{"rendered":"<p>Ihre Privatsph\u00e4re ist uns wichtig. Bitte lesen Sie unsere Allgemeinen Gesch\u00e4ftsbedingungen und unsere Cookie-Richtlinie. <\/p>\n","protected":false},"author":1,"featured_media":52602,"parent":0,"menu_order":145,"comment_status":"closed","ping_status":"closed","template":"","meta":{"footnotes":""},"class_list":["post-52601","page","type-page","status-publish","has-post-thumbnail","hentry"],"vimeo-url":null,"video-poster":null,"vimeo-poster":null,"featured-video":null,"team-lastname":null,"team-firstname":null,"team-shown-name":null,"team-position":null,"team-description":null,"show-linkedin":null,"team-linkedin":null,"show-facebook":null,"team-facebook":null,"show-instagram":null,"team-instagram":null,"show-twitter":null,"team-twitter":null,"show-medium":null,"team-medium":null,"show-email":null,"team-mail":null,"last-name":null,"first-name":null,"position":null,"_description":null,"linkedin":null,"team-name":null,"team-xing":null,"nickname":null,"team-nickname":null,"_links":{"self":[{"href":"https:\/\/about.getmorebrain.com\/de\/wp-json\/wp\/v2\/pages\/52601","targetHints":{"allow":["GET"]}}],"collection":[{"href":"https:\/\/about.getmorebrain.com\/de\/wp-json\/wp\/v2\/pages"}],"about":[{"href":"https:\/\/about.getmorebrain.com\/de\/wp-json\/wp\/v2\/types\/page"}],"author":[{"embeddable":true,"href":"https:\/\/about.getmorebrain.com\/de\/wp-json\/wp\/v2\/users\/1"}],"replies":[{"embeddable":true,"href":"https:\/\/about.getmorebrain.com\/de\/wp-json\/wp\/v2\/comments?post=52601"}],"version-history":[{"count":3,"href":"https:\/\/about.getmorebrain.com\/de\/wp-json\/wp\/v2\/pages\/52601\/revisions"}],"predecessor-version":[{"id":52632,"href":"https:\/\/about.getmorebrain.com\/de\/wp-json\/wp\/v2\/pages\/52601\/revisions\/52632"}],"wp:featuredmedia":[{"embeddable":true,"href":"https:\/\/about.getmorebrain.com\/de\/wp-json\/wp\/v2\/media\/52602"}],"wp:attachment":[{"href":"https:\/\/about.getmorebrain.com\/de\/wp-json\/wp\/v2\/media?parent=52601"}],"curies":[{"name":"wp","href":"https:\/\/api.w.org\/{rel}","templated":true}]}}